{"id":2,"date":"2019-12-25T13:40:21","date_gmt":"2019-12-25T13:40:21","guid":{"rendered":"http:\/\/xn--trvrk-trab.com\/?page_id=2"},"modified":"2019-12-25T15:00:25","modified_gmt":"2019-12-25T15:00:25","slug":"sample-page","status":"publish","type":"page","link":"http:\/\/xn--trvrk-trab.com\/","title":{"rendered":"OM TR\u00c6V\u00c6RK"},"content":{"rendered":"<div style='height:1px; margin-top:-200px'  class='hr hr-invisible   '><span class='hr-inner ' ><span class='hr-inner-style'><\/span><\/span><\/div>\n<\/div><\/div><\/div><!-- close content main div --><\/div><\/div><div id='full_slider_1' class='avia-fullwidth-slider main_color avia-shadow    container_wrap fullsize'   ><div  data-size='no scaling'  data-lightbox_size='large'  data-animation='fade'  data-conditional_play=''  data-ids='233,230,231,232,229,466,469,470'  data-video_counter='0'  data-autoplay='true'  data-bg_slider='false'  data-slide_height=''  data-handle='av_slideshow_full'  data-interval='4'  data-class=' image_no_stretch'  data-css_id=''  data-scroll_down=''  data-control_layout='av-control-default'  data-custom_markup=''  data-perma_caption='aviaTBperma_caption'  data-autoplay_stopper=''  data-image_attachment=''  data-min_height='0px'  data-src=''  data-position='top left'  data-repeat='no-repeat'  data-attach='scroll'  data-stretch='image_no_stretch'  class='avia-slideshow avia-slideshow-1  av-control-default av-default-height-applied avia-slideshow-no scaling av_slideshow_full  image_no_stretch avia-fade-slider '  itemprop=\"ImageObject\" itemscope=\"itemscope\" itemtype=\"https:\/\/schema.org\/ImageObject\" ><ul class='avia-slideshow-inner ' style='padding-bottom: 27.272727272727%;' ><li  class=' slide-1 ' ><div data-rel='slideshow-1' class='avia-slide-wrap '   ><img src='http:\/\/xn--trvrk-trab.com\/wp-content\/uploads\/2018\/10\/Traevaerk_topbanner_6-e1540371607246.png' width='2508' height='684' title='Traevaerk_topbanner_6' alt=''  itemprop=\"thumbnailUrl\"   \/><\/div><\/li><li  class=' slide-2 ' ><div data-rel='slideshow-1' class='avia-slide-wrap '   ><img src='http:\/\/xn--trvrk-trab.com\/wp-content\/uploads\/2018\/10\/Traevaerk_topbanner_3-e1540371662585.png' width='2508' height='684' title='Traevaerk_topbanner_3' alt=''  itemprop=\"thumbnailUrl\"   \/><\/div><\/li><li  class=' slide-3 ' ><div data-rel='slideshow-1' class='avia-slide-wrap '   ><img src='http:\/\/xn--trvrk-trab.com\/wp-content\/uploads\/2018\/10\/Traevaerk_topbanner_4-e1540371643327.png' width='2508' height='684' title='Traevaerk_topbanner_4' alt=''  itemprop=\"thumbnailUrl\"   \/><\/div><\/li><li  class=' slide-4 ' ><div data-rel='slideshow-1' class='avia-slide-wrap '   ><img src='http:\/\/xn--trvrk-trab.com\/wp-content\/uploads\/2018\/10\/Traevaerk_port.png' width='3508' height='957' title='Traevaerk_port' alt=''  itemprop=\"thumbnailUrl\"   \/><\/div><\/li><li  class=' slide-5 ' ><div data-rel='slideshow-1' class='avia-slide-wrap '   ><img src='http:\/\/xn--trvrk-trab.com\/wp-content\/uploads\/2018\/10\/Traevaerk_Harry-Potter-e1540545035568.png' width='2508' height='684' title='Traevaerk_Harry Potter' alt=''  itemprop=\"thumbnailUrl\"   \/><\/div><\/li><li  class=' slide-6 ' ><div data-rel='slideshow-1' class='avia-slide-wrap '   ><img src='http:\/\/xn--trvrk-trab.com\/wp-content\/uploads\/2018\/10\/Traevaerk_Bamses-hus-e1540545020859.png' width='2508' height='684' title='Traevaerk_Bamses hus' alt=''  itemprop=\"thumbnailUrl\"   \/><\/div><\/li><\/ul><div class='avia-slideshow-arrows avia-slideshow-controls'><a href='#prev' class='prev-slide' aria-hidden='true' data-av_icon='\ue87c' data-av_iconfont='entypo-fontello'>Previous<\/a><a href='#next' class='next-slide' aria-hidden='true' data-av_icon='\ue87d' data-av_iconfont='entypo-fontello'>Next<\/a><\/div><div class='avia-slideshow-dots avia-slideshow-controls'><a href='#1' class='goto-slide active' >1<\/a><a href='#2' class='goto-slide ' >2<\/a><a href='#3' class='goto-slide ' >3<\/a><a href='#4' class='goto-slide ' >4<\/a><a href='#5' class='goto-slide ' >5<\/a><a href='#6' class='goto-slide ' >6<\/a><\/div><\/div><\/div>\n<div class='flex_column_table av-equal-height-column-flextable -flextable' style='margin-top:1px; margin-bottom:1px; '><div class=\"flex_column av_one_fourth  flex_column_table_cell av-equal-height-column av-align-top av-zero-column-padding first   \" style='background: rgba(0,0,0,0.01); background-color:rgba(0,0,0,0.01); border-radius:0px; '><div class='avia-image-container  av-styling-no-styling     avia-align-center '  itemprop=\"ImageObject\" itemscope=\"itemscope\" itemtype=\"https:\/\/schema.org\/ImageObject\"  ><div class='avia-image-container-inner'><div class='avia-image-overlay-wrap'><img class='avia_image ' src='http:\/\/xn--trvrk-trab.com\/wp-content\/uploads\/2018\/10\/Peter-Luffe-743x1030.jpg' alt='' title='Peter Luffe' height=\"1030\"width=\"743\"  itemprop=\"thumbnailUrl\"  \/><\/div><\/div><\/div><\/div><\/div><!--close column table wrapper. Autoclose: 1 -->\n<div class='flex_column_table av-equal-height-column-flextable -flextable' style='margin-top:1px; margin-bottom:1px; '><div class='av-flex-placeholder'><\/div><div class=\"flex_column av_one_half  flex_column_table_cell av-equal-height-column av-align-top    \" style='background: rgba(255,255,255,0.14); padding:25px; background-color:rgba(255,255,255,0.14); border-radius:0px; '><section class=\"av_textblock_section \"  itemscope=\"itemscope\" itemtype=\"https:\/\/schema.org\/CreativeWork\" ><div class='avia_textblock  av_inherit_color '  style='font-size:13px; color:#ffffff; '  itemprop=\"text\" ><p class=\"p1\"><span class=\"s1\"><b>Tr\u00e6v\u00e6rk er et t\u00f8mrerfirma ejet af Peter Luffe, der har arbejdet som selvst\u00e6ndig t\u00f8mrermester i b\u00e5de Danmark og Sydamerika.<\/b><\/span><\/p>\n<p class=\"p1\"><span class=\"s1\">Peter har selv bygget sit eget hus i Torslunde, lidt udenfor K\u00f8benhavn. Huset er bygget i en gammel, original stil, med lysindfatninger og gerigter, der ogs\u00e5 blev brugt for 100 \u00e5r siden. Huset er dobbeltmuret og bliver opvarmet med jordvarme.<\/span><\/p>\n<p class=\"p1\"><span class=\"s1\">Terrassen er bygget i tr\u00e6 med b\u00e6nke og h\u00f8jbede, og planter kan s\u00e6ttes af p\u00e5 de mange plateauer. De forskellige niveauer er sjove at lege p\u00e5 for b\u00f8rnene, og kan ogs\u00e5 rumme de mange ting, man bruger p\u00e5 terrassen \u2013 f.eks. grill og blomsterkrukker.<\/span><\/p>\n<p class=\"p1\"><span class=\"s1\">Peters datter \u00f8nskede sig et legehus, hvor bamse gerne m\u00e5tte bo. S\u00e5 hun fik et hus med skorsten, der kan v\u00e6lte, og hun har brugt timer p\u00e5 at lege i sit hus.<\/span><\/p>\n<p class=\"p1\"><span class=\"s1\">Hans s\u00f8n er vild med eventyr og fik derfor sin egen troldmandskost, der kan flyve, hvis man kan sige den rette besv\u00e6rgelse.<\/span><\/p>\n<p class=\"p1\"><span class=\"s1\">Peter Luffe har l\u00f8st mange alsidige opgaver indenfor t\u00f8mrerfaget til gavn for mange familier og boligejere.<\/span><\/p>\n<\/div><\/section><\/div><\/div><!--close column table wrapper. Autoclose: 1 -->\n<div class='flex_column_table av-equal-height-column-flextable -flextable' style='margin-top:1px; margin-bottom:1px; '><div class='av-flex-placeholder'><\/div><div class=\"flex_column av_one_fourth  av-animated-generic fade-in  flex_column_table_cell av-equal-height-column av-align-top av-zero-column-padding    \" style='background: rgba(0,0,0,0.01); background-color:rgba(0,0,0,0.01); border-radius:0px; '><section class=\"av_textblock_section \"  itemscope=\"itemscope\" itemtype=\"https:\/\/schema.org\/CreativeWork\" ><div class='avia_textblock  av_inherit_color '  style='color:#ffffff; '  itemprop=\"text\" ><blockquote>\n<p><span class=\"s1\"><b>Peter har udf\u00f8rt en r\u00e6kke reparationer i mit hjem. Resultatet blev rigtig godt, da Peter forstod at l\u00f8se opgaverne efter mine \u00f8nsker. Han er p\u00e5lidelig og omhyggelig, og derfor var jeg tryg ved at lukke ham ind i mit hjem.<\/b><\/span><\/p>\n<\/blockquote>\n<p style=\"text-align: right;\"><em>Gerda 67 \u00e5r, Vanl\u00f8se<\/em><\/p>\n<\/div><\/section><\/div><\/div><!--close column table wrapper. Autoclose: 1 -->\n","protected":false},"excerpt":{"rendered":"","protected":false},"author":1,"featured_media":0,"parent":0,"menu_order":0,"comment_status":"closed","ping_status":"open","template":"","meta":{"footnotes":""},"class_list":["post-2","page","type-page","status-publish","hentry"],"_links":{"self":[{"href":"http:\/\/xn--trvrk-trab.com\/index.php?rest_route=\/wp\/v2\/pages\/2","targetHints":{"allow":["GET"]}}],"collection":[{"href":"http:\/\/xn--trvrk-trab.com\/index.php?rest_route=\/wp\/v2\/pages"}],"about":[{"href":"http:\/\/xn--trvrk-trab.com\/index.php?rest_route=\/wp\/v2\/types\/page"}],"author":[{"embeddable":true,"href":"http:\/\/xn--trvrk-trab.com\/index.php?rest_route=\/wp\/v2\/users\/1"}],"replies":[{"embeddable":true,"href":"http:\/\/xn--trvrk-trab.com\/index.php?rest_route=%2Fwp%2Fv2%2Fcomments&post=2"}],"version-history":[{"count":166,"href":"http:\/\/xn--trvrk-trab.com\/index.php?rest_route=\/wp\/v2\/pages\/2\/revisions"}],"predecessor-version":[{"id":502,"href":"http:\/\/xn--trvrk-trab.com\/index.php?rest_route=\/wp\/v2\/pages\/2\/revisions\/502"}],"wp:attachment":[{"href":"http:\/\/xn--trvrk-trab.com\/index.php?rest_route=%2Fwp%2Fv2%2Fmedia&parent=2"}],"curies":[{"name":"wp","href":"https:\/\/api.w.org\/{rel}","templated":true}]}}